{"id":847,"date":"2021-04-30T15:32:50","date_gmt":"2021-04-30T15:32:50","guid":{"rendered":"https:\/\/grupohama.com\/hamatravel\/?page_id=847"},"modified":"2021-04-30T15:36:34","modified_gmt":"2021-04-30T15:36:34","slug":"cartagena","status":"publish","type":"page","link":"https:\/\/www.grupohama.com\/hamatravel\/cartagena\/","title":{"rendered":"Cartagena"},"content":{"rendered":"\t\t<div data-elementor-type=\"wp-page\" data-elementor-id=\"847\" class=\"elementor elementor-847\">\n\t\t\t\t\t\t<section class=\"elementor-section elementor-top-section elementor-element elementor-element-f7eb1fb elementor-section-boxed elementor-section-height-default elementor-section-height-default elementor-invisible\" data-id=\"f7eb1fb\" data-element_type=\"section\" data-e-type=\"section\" data-settings=\"{&quot;animation&quot;:&quot;fadeIn&quot;}\">\n\t\t\t\t\t\t<div class=\"elementor-container elementor-column-gap-default\">\n\t\t\t\t\t<div class=\"elementor-column elementor-col-33 elementor-top-column elementor-element elementor-element-04640a4\" data-id=\"04640a4\" data-element_type=\"column\" data-e-type=\"column\">\n\t\t\t<div class=\"elementor-widget-wrap elementor-element-populated\">\n\t\t\t\t\t\t<div class=\"elementor-element elementor-element-e687786 elementor-widget elementor-widget-image\" data-id=\"e687786\" data-element_type=\"widget\" data-e-type=\"widget\" data-widget_type=\"image.default\">\n\t\t\t\t<div class=\"elementor-widget-container\">\n\t\t\t\t\t\t\t\t\t\t\t\t\t\t\t<img fetchpriority=\"high\" decoding=\"async\" width=\"1024\" height=\"683\" src=\"https:\/\/www.grupohama.com\/hamatravel\/wp-content\/uploads\/2021\/04\/cartagena-1024x683.jpg\" class=\"attachment-large size-large wp-image-624\" alt=\"\" srcset=\"https:\/\/www.grupohama.com\/hamatravel\/wp-content\/uploads\/2021\/04\/cartagena-1024x683.jpg 1024w, https:\/\/www.grupohama.com\/hamatravel\/wp-content\/uploads\/2021\/04\/cartagena-300x200.jpg 300w, https:\/\/www.grupohama.com\/hamatravel\/wp-content\/uploads\/2021\/04\/cartagena-768x512.jpg 768w, https:\/\/www.grupohama.com\/hamatravel\/wp-content\/uploads\/2021\/04\/cartagena-1536x1024.jpg 1536w, https:\/\/www.grupohama.com\/hamatravel\/wp-content\/uploads\/2021\/04\/cartagena.jpg 1920w\" sizes=\"(max-width: 1024px) 100vw, 1024px\" \/>\t\t\t\t\t\t\t\t\t\t\t\t\t\t\t<\/div>\n\t\t\t\t<\/div>\n\t\t\t\t<div class=\"elementor-element elementor-element-789dc4d elementor-widget elementor-widget-heading\" data-id=\"789dc4d\" data-element_type=\"widget\" data-e-type=\"widget\" data-widget_type=\"heading.default\">\n\t\t\t\t<div class=\"elementor-widget-container\">\n\t\t\t\t\t<h3 class=\"elementor-heading-title elementor-size-xxl\">Cartagena<\/h3>\t\t\t\t<\/div>\n\t\t\t\t<\/div>\n\t\t\t\t\t<\/div>\n\t\t<\/div>\n\t\t\t\t<div class=\"elementor-column elementor-col-66 elementor-top-column elementor-element elementor-element-bce6d09\" data-id=\"bce6d09\" data-element_type=\"column\" data-e-type=\"column\">\n\t\t\t<div class=\"elementor-widget-wrap elementor-element-populated\">\n\t\t\t\t\t\t<div class=\"elementor-element elementor-element-0f6cfc7 elementor-tabs-view-vertical elementor-widget elementor-widget-tabs\" data-id=\"0f6cfc7\" data-element_type=\"widget\" data-e-type=\"widget\" data-widget_type=\"tabs.default\">\n\t\t\t\t<div class=\"elementor-widget-container\">\n\t\t\t\t\t\t\t<div class=\"elementor-tabs\">\n\t\t\t<div class=\"elementor-tabs-wrapper\" role=\"tablist\" >\n\t\t\t\t\t\t\t\t\t<div id=\"elementor-tab-title-1611\" class=\"elementor-tab-title elementor-tab-desktop-title\" aria-selected=\"true\" data-tab=\"1\" role=\"tab\" tabindex=\"0\" aria-controls=\"elementor-tab-content-1611\" aria-expanded=\"false\">Descripci\u00f3n<\/div>\n\t\t\t\t\t\t\t\t\t<div id=\"elementor-tab-title-1612\" class=\"elementor-tab-title elementor-tab-desktop-title\" aria-selected=\"false\" data-tab=\"2\" role=\"tab\" tabindex=\"-1\" aria-controls=\"elementor-tab-content-1612\" aria-expanded=\"false\">Itinerario<\/div>\n\t\t\t\t\t\t\t<\/div>\n\t\t\t<div class=\"elementor-tabs-content-wrapper\" role=\"tablist\" aria-orientation=\"vertical\">\n\t\t\t\t\t\t\t\t\t<div class=\"elementor-tab-title elementor-tab-mobile-title\" aria-selected=\"true\" data-tab=\"1\" role=\"tab\" tabindex=\"0\" aria-controls=\"elementor-tab-content-1611\" aria-expanded=\"false\">Descripci\u00f3n<\/div>\n\t\t\t\t\t<div id=\"elementor-tab-content-1611\" class=\"elementor-tab-content elementor-clearfix\" data-tab=\"1\" role=\"tabpanel\" aria-labelledby=\"elementor-tab-title-1611\" tabindex=\"0\" hidden=\"false\"><p><strong>Duraci\u00f3n:<\/strong> 3 d\u00edas &#8211; 2 noches<br \/><strong>Incluye:<\/strong> Alojamiento, Alimentaci\u00f3n, Tours, Asistencia m\u00e9dica y Traslados<\/p><h4 style=\"padding-left: 40px;\"><span style=\"color: #000080;\"><em>Desde<\/em><\/span><\/h4><blockquote><h3><span style=\"color: #000080;\">COP $928<em>.990 <\/em><\/span><\/h3><h6><span style=\"color: #000080;\"><em>Tarifa por persona.<\/em><\/span><\/h6><\/blockquote><\/div>\n\t\t\t\t\t\t\t\t\t<div class=\"elementor-tab-title elementor-tab-mobile-title\" aria-selected=\"false\" data-tab=\"2\" role=\"tab\" tabindex=\"-1\" aria-controls=\"elementor-tab-content-1612\" aria-expanded=\"false\">Itinerario<\/div>\n\t\t\t\t\t<div id=\"elementor-tab-content-1612\" class=\"elementor-tab-content elementor-clearfix\" data-tab=\"2\" role=\"tabpanel\" aria-labelledby=\"elementor-tab-title-1612\" tabindex=\"0\" hidden=\"hidden\"><p><strong>El Plan Incluye:\u00a0\u00a0\u00a0\u00a0\u00a0\u00a0 <\/strong><\/p><ul><li>Traslado aeropuerto \u2013 hotel \u2013 aeropuerto en vuelos diurnos en servicio regular compartido.<\/li><li>Alojamiento de 2 noches en Cartagena de acuerdo a la acomodaci\u00f3n de su elecci\u00f3n<\/li><li>Alimentaci\u00f3n seg\u00fan el plan elegido<\/li><li>Playa tranquila<\/li><li>4 Islas del Rosario, Aqua Azul, Chol\u00f3n, Isla grande<\/li><\/ul><p><strong>El Plan No Incluye:<\/strong><\/p><ul><li>Impuestos Biol\u00f3gicos.<\/li><li>Seguro Hotelero<\/li><li>Gastos no especificados.<\/li><li>Tiquetes a\u00e9reos.<\/li><\/ul><\/div>\n\t\t\t\t\t\t\t<\/div>\n\t\t<\/div>\n\t\t\t\t\t\t<\/div>\n\t\t\t\t<\/div>\n\t\t\t\t<div class=\"elementor-element elementor-element-5d6d74c elementor-align-right elementor-invisible elementor-widget elementor-widget-button\" data-id=\"5d6d74c\" data-element_type=\"widget\" data-e-type=\"widget\" data-settings=\"{&quot;_animation&quot;:&quot;fadeInDown&quot;}\" data-widget_type=\"button.default\">\n\t\t\t\t<div class=\"elementor-widget-container\">\n\t\t\t\t\t\t\t\t\t<div class=\"elementor-button-wrapper\">\n\t\t\t\t\t<a class=\"elementor-button elementor-button-link elementor-size-sm elementor-animation-grow\" href=\"#\">\n\t\t\t\t\t\t<span class=\"elementor-button-content-wrapper\">\n\t\t\t\t\t\t\t\t\t<span class=\"elementor-button-text\">Cotizar<\/span>\n\t\t\t\t\t<\/span>\n\t\t\t\t\t<\/a>\n\t\t\t\t<\/div>\n\t\t\t\t\t\t\t\t<\/div>\n\t\t\t\t<\/div>\n\t\t\t\t\t<\/div>\n\t\t<\/div>\n\t\t\t\t\t<\/div>\n\t\t<\/section>\n\t\t\t\t<\/div>\n\t\t","protected":false},"excerpt":{"rendered":"<p>Cartagena Descripci\u00f3n Itinerario Descripci\u00f3n Duraci\u00f3n: 3 d\u00edas &#8211; 2 nochesIncluye: Alojamiento, Alimentaci\u00f3n, Tours, Asistencia m\u00e9dica y Traslados Desde COP $928.990 Tarifa por persona. Itinerario El Plan Incluye:\u00a0\u00a0\u00a0\u00a0\u00a0\u00a0 Traslado aeropuerto \u2013 hotel \u2013 aeropuerto en vuelos diurnos en servicio regular compartido. Alojamiento de 2 noches en Cartagena de acuerdo a la acomodaci\u00f3n de su elecci\u00f3n Alimentaci\u00f3n [&hellip;]<\/p>\n","protected":false},"author":1,"featured_media":0,"parent":0,"menu_order":0,"comment_status":"closed","ping_status":"closed","template":"elementor_theme","meta":{"site-sidebar-layout":"no-sidebar","site-content-layout":"plain-container","ast-site-content-layout":"default","site-content-style":"default","site-sidebar-style":"default","ast-global-header-display":"","ast-banner-title-visibility":"","ast-main-header-display":"","ast-hfb-above-header-display":"","ast-hfb-below-header-display":"","ast-hfb-mobile-header-display":"","site-post-title":"disabled","ast-breadcrumbs-content":"","ast-featured-img":"","footer-sml-layout":"","ast-disable-related-posts":"","theme-transparent-header-meta":"disabled","adv-header-id-meta":"","stick-header-meta":"","header-above-stick-meta":"","header-main-stick-meta":"","header-below-stick-meta":"","astra-migrate-meta-layouts":"default","ast-page-background-enabled":"default","ast-page-background-meta":{"desktop":{"background-color":"var(--ast-global-color-4)","background-image":"","background-repeat":"repeat","background-position":"center center","background-size":"auto","background-attachment":"scroll","background-type":"","background-media":"","overlay-type":"","overlay-color":"","overlay-opacity":"","overlay-gradient":""},"tablet":{"background-color":"","background-image":"","background-repeat":"repeat","background-position":"center center","background-size":"auto","background-attachment":"scroll","background-type":"","background-media":"","overlay-type":"","overlay-color":"","overlay-opacity":"","overlay-gradient":""},"mobile":{"background-color":"","background-image":"","background-repeat":"repeat","background-position":"center center","background-size":"auto","background-attachment":"scroll","background-type":"","background-media":"","overlay-type":"","overlay-color":"","overlay-opacity":"","overlay-gradient":""}},"ast-content-background-meta":{"desktop":{"background-color":"var(--ast-global-color-5)","background-image":"","background-repeat":"repeat","background-position":"center center","background-size":"auto","background-attachment":"scroll","background-type":"","background-media":"","overlay-type":"","overlay-color":"","overlay-opacity":"","overlay-gradient":""},"tablet":{"background-color":"var(--ast-global-color-5)","background-image":"","background-repeat":"repeat","background-position":"center center","background-size":"auto","background-attachment":"scroll","background-type":"","background-media":"","overlay-type":"","overlay-color":"","overlay-opacity":"","overlay-gradient":""},"mobile":{"background-color":"var(--ast-global-color-5)","background-image":"","background-repeat":"repeat","background-position":"center center","background-size":"auto","background-attachment":"scroll","background-type":"","background-media":"","overlay-type":"","overlay-color":"","overlay-opacity":"","overlay-gradient":""}},"footnotes":""},"class_list":["post-847","page","type-page","status-publish","hentry"],"_links":{"self":[{"href":"https:\/\/www.grupohama.com\/hamatravel\/wp-json\/wp\/v2\/pages\/847","targetHints":{"allow":["GET"]}}],"collection":[{"href":"https:\/\/www.grupohama.com\/hamatravel\/wp-json\/wp\/v2\/pages"}],"about":[{"href":"https:\/\/www.grupohama.com\/hamatravel\/wp-json\/wp\/v2\/types\/page"}],"author":[{"embeddable":true,"href":"https:\/\/www.grupohama.com\/hamatravel\/wp-json\/wp\/v2\/users\/1"}],"replies":[{"embeddable":true,"href":"https:\/\/www.grupohama.com\/hamatravel\/wp-json\/wp\/v2\/comments?post=847"}],"version-history":[{"count":0,"href":"https:\/\/www.grupohama.com\/hamatravel\/wp-json\/wp\/v2\/pages\/847\/revisions"}],"wp:attachment":[{"href":"https:\/\/www.grupohama.com\/hamatravel\/wp-json\/wp\/v2\/media?parent=847"}],"curies":[{"name":"wp","href":"https:\/\/api.w.org\/{rel}","templated":true}]}}