{"id":540,"date":"2018-11-27T09:16:54","date_gmt":"2018-11-27T09:16:54","guid":{"rendered":"https:\/\/grupohama.com\/hamatravel\/home\/"},"modified":"2026-02-20T16:05:47","modified_gmt":"2026-02-20T21:05:47","slug":"home","status":"publish","type":"page","link":"https:\/\/www.grupohama.com\/hamatravel\/","title":{"rendered":"Inicio"},"content":{"rendered":"\t\t<div data-elementor-type=\"wp-page\" data-elementor-id=\"540\" class=\"elementor elementor-540\">\n\t\t\t\t\t\t<section class=\"elementor-section elementor-top-section elementor-element elementor-element-681d2d78 elementor-section-content-middle elementor-reverse-tablet elementor-reverse-mobile elementor-section-boxed elementor-section-height-default elementor-section-height-default\" data-id=\"681d2d78\" data-element_type=\"section\" data-e-type=\"section\">\n\t\t\t\t\t\t<div class=\"elementor-container elementor-column-gap-no\">\n\t\t\t\t\t<div class=\"elementor-column elementor-col-100 elementor-top-column elementor-element elementor-element-1ce59f17\" data-id=\"1ce59f17\" data-element_type=\"column\" data-e-type=\"column\">\n\t\t\t<div class=\"elementor-widget-wrap elementor-element-populated\">\n\t\t\t\t\t\t<div class=\"elementor-element elementor-element-57ba918a elementor-widget__width-initial elementor-widget elementor-widget-text-editor\" data-id=\"57ba918a\" data-element_type=\"widget\" data-e-type=\"widget\" data-widget_type=\"text-editor.default\">\n\t\t\t\t<div class=\"elementor-widget-container\">\n\t\t\t\t\t\t\t\t\t<p><img fetchpriority=\"high\" decoding=\"async\" class=\"alignnone size-full wp-image-557\" src=\"https:\/\/www.grupohama.com\/hamatravel\/wp-content\/uploads\/2021\/04\/HAMA-TRAVEL.png\" alt=\"\" width=\"1697\" height=\"387\" \/><\/p>\t\t\t\t\t\t\t\t<\/div>\n\t\t\t\t<\/div>\n\t\t\t\t<div class=\"elementor-element elementor-element-f31be7f elementor-widget__width-initial elementor-widget elementor-widget-text-editor\" data-id=\"f31be7f\" data-element_type=\"widget\" data-e-type=\"widget\" data-widget_type=\"text-editor.default\">\n\t\t\t\t<div class=\"elementor-widget-container\">\n\t\t\t\t\t\t\t\t\t<p><em><strong>Movemos Personas, Conectamos Experiencias.<\/strong><\/em><\/p>\t\t\t\t\t\t\t\t<\/div>\n\t\t\t\t<\/div>\n\t\t\t\t\t<\/div>\n\t\t<\/div>\n\t\t\t\t\t<\/div>\n\t\t<\/section>\n\t\t\t\t<section class=\"elementor-section elementor-top-section elementor-element elementor-element-5e04a64b elementor-section-height-min-height elementor-section-items-stretch elementor-section-content-middle elementor-section-full_width elementor-section-height-default\" data-id=\"5e04a64b\" data-element_type=\"section\" data-e-type=\"section\" data-settings=\"{&quot;background_background&quot;:&quot;classic&quot;}\">\n\t\t\t\t\t\t<div class=\"elementor-container elementor-column-gap-no\">\n\t\t\t\t\t<div class=\"elementor-column elementor-col-50 elementor-top-column elementor-element elementor-element-1b3b778c\" data-id=\"1b3b778c\" data-element_type=\"column\" data-e-type=\"column\">\n\t\t\t<div class=\"elementor-widget-wrap elementor-element-populated\">\n\t\t\t\t\t\t<div class=\"elementor-element elementor-element-4caafb58 elementor-widget elementor-widget-text-editor\" data-id=\"4caafb58\" data-element_type=\"widget\" data-e-type=\"widget\" data-widget_type=\"text-editor.default\">\n\t\t\t\t<div class=\"elementor-widget-container\">\n\t\t\t\t\t\t\t\t\t<p data-start=\"95\" data-end=\"447\"><strong data-start=\"95\" data-end=\"114\">HAMA TRAVEL SAS<\/strong> es una compa\u00f1\u00eda adscrita como unidad de negocio del Grupo Empresarial Hama, con m\u00e1s de 10 a\u00f1os de experiencia en la prestaci\u00f3n de servicios integrales de transporte terrestre. Atendemos ejecutivos, empresas, instituciones y p\u00fablico en general, ofreciendo soluciones \u00e1giles, coordinadas y adaptadas a las necesidades de cada cliente.<\/p><p>Operamos las 24 horas del d\u00eda, garantizando disponibilidad permanente y una log\u00edstica eficiente. Nuestra flota est\u00e1 equipada con sistemas de localizaci\u00f3n satelital GPS y comunicaci\u00f3n m\u00f3vil, lo que nos permite planificar, supervisar y optimizar cada ruta en tiempo real, asegurando puntualidad y control en cada servicio.<\/p><p>Contamos con veh\u00edculos tipo bus, microb\u00fas, camionetas tipo Duster y unidades de modelos recientes, todos climatizados y sometidos a rigurosas inspecciones preoperativas. Nuestro compromiso es brindar un transporte seguro, c\u00f3modo y confiable, cuidando cada detalle para garantizar una experiencia de calidad en cada trayecto.<\/p>\t\t\t\t\t\t\t\t<\/div>\n\t\t\t\t<\/div>\n\t\t\t\t\t<\/div>\n\t\t<\/div>\n\t\t\t\t<div class=\"elementor-column elementor-col-50 elementor-top-column elementor-element elementor-element-7e7185a7\" data-id=\"7e7185a7\" data-element_type=\"column\" data-e-type=\"column\">\n\t\t\t<div class=\"elementor-widget-wrap elementor-element-populated\">\n\t\t\t\t\t\t<div class=\"elementor-element elementor-element-2594adb1 elementor-widget elementor-widget-image\" data-id=\"2594adb1\" data-element_type=\"widget\" data-e-type=\"widget\" data-widget_type=\"image.default\">\n\t\t\t\t<div class=\"elementor-widget-container\">\n\t\t\t\t\t\t\t\t\t\t\t\t\t\t\t<img decoding=\"async\" width=\"642\" height=\"971\" src=\"https:\/\/www.grupohama.com\/hamatravel\/wp-content\/uploads\/TORRE-AUTO.png\" class=\"attachment-large size-large wp-image-1185\" alt=\"\" \/>\t\t\t\t\t\t\t\t\t\t\t\t\t\t\t<\/div>\n\t\t\t\t<\/div>\n\t\t\t\t\t<\/div>\n\t\t<\/div>\n\t\t\t\t\t<\/div>\n\t\t<\/section>\n\t\t\t\t<section class=\"elementor-section elementor-top-section elementor-element elementor-element-7164cbd0 elementor-section-full_width elementor-section-height-default elementor-section-height-default\" data-id=\"7164cbd0\" data-element_type=\"section\" data-e-type=\"section\" id=\"next\">\n\t\t\t\t\t\t<div class=\"elementor-container elementor-column-gap-no\">\n\t\t\t\t\t<div class=\"elementor-column elementor-col-100 elementor-top-column elementor-element elementor-element-4d42e459\" data-id=\"4d42e459\" data-element_type=\"column\" data-e-type=\"column\">\n\t\t\t<div class=\"elementor-widget-wrap elementor-element-populated\">\n\t\t\t\t\t\t<div class=\"elementor-element elementor-element-2e6405ab elementor-widget elementor-widget-heading\" data-id=\"2e6405ab\" data-element_type=\"widget\" data-e-type=\"widget\" data-widget_type=\"heading.default\">\n\t\t\t\t<div class=\"elementor-widget-container\">\n\t\t\t\t\t<h3 class=\"elementor-heading-title elementor-size-default\">NUESTROS SERVICIOS<\/h3>\t\t\t\t<\/div>\n\t\t\t\t<\/div>\n\t\t\t\t<div class=\"elementor-element elementor-element-3f488423 elementor-widget elementor-widget-heading\" data-id=\"3f488423\" data-element_type=\"widget\" data-e-type=\"widget\" data-widget_type=\"heading.default\">\n\t\t\t\t<div class=\"elementor-widget-container\">\n\t\t\t\t\t<p class=\"elementor-heading-title elementor-size-default\">Brindamos servicios de transporte empresarial, escolar y tur\u00edstico, enfocados en la seguridad, puntualidad y comodidad. Nos adaptamos a cada necesidad para ofrecer soluciones confiables y eficientes en cada traslado.<\/p>\t\t\t\t<\/div>\n\t\t\t\t<\/div>\n\t\t\t\t<section class=\"elementor-section elementor-inner-section elementor-element elementor-element-1dac16ce elementor-section-full_width elementor-section-height-default elementor-section-height-default\" data-id=\"1dac16ce\" data-element_type=\"section\" data-e-type=\"section\">\n\t\t\t\t\t\t<div class=\"elementor-container elementor-column-gap-no\">\n\t\t\t\t\t<div class=\"elementor-column elementor-col-33 elementor-inner-column elementor-element elementor-element-322557a9\" data-id=\"322557a9\" data-element_type=\"column\" data-e-type=\"column\">\n\t\t\t<div class=\"elementor-widget-wrap elementor-element-populated\">\n\t\t\t\t\t\t<div class=\"elementor-element elementor-element-4eda94b3 elementor-position-top elementor-widget elementor-widget-image-box\" data-id=\"4eda94b3\" data-element_type=\"widget\" data-e-type=\"widget\" data-widget_type=\"image-box.default\">\n\t\t\t\t<div class=\"elementor-widget-container\">\n\t\t\t\t\t<div class=\"elementor-image-box-wrapper\"><figure class=\"elementor-image-box-img\"><a href=\"#\" tabindex=\"-1\"><img decoding=\"async\" width=\"1437\" height=\"953\" src=\"https:\/\/www.grupohama.com\/hamatravel\/wp-content\/uploads\/ADUANA.png\" class=\"elementor-animation-grow attachment-full size-full wp-image-1193\" alt=\"\" \/><\/a><\/figure><div class=\"elementor-image-box-content\"><h4 class=\"elementor-image-box-title\"><a href=\"#\">Transporte empresarial<\/a><\/h4><p class=\"elementor-image-box-description\">Servicio eficiente y puntual para el traslado de personal, adaptado a los horarios y necesidades de su empresa.<\/p><\/div><\/div>\t\t\t\t<\/div>\n\t\t\t\t<\/div>\n\t\t\t\t\t<\/div>\n\t\t<\/div>\n\t\t\t\t<div class=\"elementor-column elementor-col-33 elementor-inner-column elementor-element elementor-element-12a9eeab\" data-id=\"12a9eeab\" data-element_type=\"column\" data-e-type=\"column\">\n\t\t\t<div class=\"elementor-widget-wrap elementor-element-populated\">\n\t\t\t\t\t\t<div class=\"elementor-element elementor-element-7f54099a elementor-position-top elementor-widget elementor-widget-image-box\" data-id=\"7f54099a\" data-element_type=\"widget\" data-e-type=\"widget\" data-widget_type=\"image-box.default\">\n\t\t\t\t<div class=\"elementor-widget-container\">\n\t\t\t\t\t<div class=\"elementor-image-box-wrapper\"><figure class=\"elementor-image-box-img\"><a href=\"#\" tabindex=\"-1\"><img loading=\"lazy\" decoding=\"async\" width=\"1536\" height=\"1024\" src=\"https:\/\/www.grupohama.com\/hamatravel\/wp-content\/uploads\/PLAYA-1.png\" class=\"elementor-animation-grow attachment-full size-full wp-image-1202\" alt=\"\" \/><\/a><\/figure><div class=\"elementor-image-box-content\"><h4 class=\"elementor-image-box-title\"><a href=\"#\">transporte para recreaci\u00f3n y turismo<\/a><\/h4><p class=\"elementor-image-box-description\">Movilizamos grupos a destinos tur\u00edsticos con comodidad, seguridad y una experiencia de viaje agradable.<\/p><\/div><\/div>\t\t\t\t<\/div>\n\t\t\t\t<\/div>\n\t\t\t\t\t<\/div>\n\t\t<\/div>\n\t\t\t\t<div class=\"elementor-column elementor-col-33 elementor-inner-column elementor-element elementor-element-637d1af4\" data-id=\"637d1af4\" data-element_type=\"column\" data-e-type=\"column\">\n\t\t\t<div class=\"elementor-widget-wrap elementor-element-populated\">\n\t\t\t\t\t\t<div class=\"elementor-element elementor-element-678c1175 elementor-position-top elementor-widget elementor-widget-image-box\" data-id=\"678c1175\" data-element_type=\"widget\" data-e-type=\"widget\" data-widget_type=\"image-box.default\">\n\t\t\t\t<div class=\"elementor-widget-container\">\n\t\t\t\t\t<div class=\"elementor-image-box-wrapper\"><figure class=\"elementor-image-box-img\"><a href=\"#\" tabindex=\"-1\"><img loading=\"lazy\" decoding=\"async\" width=\"1536\" height=\"1024\" src=\"https:\/\/www.grupohama.com\/hamatravel\/wp-content\/uploads\/CUCR-1.png\" class=\"elementor-animation-grow attachment-full size-full wp-image-1201\" alt=\"\" \/><\/a><\/figure><div class=\"elementor-image-box-content\"><h4 class=\"elementor-image-box-title\"><a href=\"#\">Transporte estudiantil<\/a><\/h4><p class=\"elementor-image-box-description\">Traslado seguro y confiable para estudiantes, con rutas organizadas y acompa\u00f1amiento responsable.<\/p><\/div><\/div>\t\t\t\t<\/div>\n\t\t\t\t<\/div>\n\t\t\t\t\t<\/div>\n\t\t<\/div>\n\t\t\t\t\t<\/div>\n\t\t<\/section>\n\t\t\t\t\t<\/div>\n\t\t<\/div>\n\t\t\t\t\t<\/div>\n\t\t<\/section>\n\t\t\t\t<\/div>\n\t\t","protected":false},"excerpt":{"rendered":"<p>Movemos Personas, Conectamos Experiencias. HAMA TRAVEL SAS es una compa\u00f1\u00eda adscrita como unidad de negocio del Grupo Empresarial Hama, con m\u00e1s de 10 a\u00f1os de experiencia en la prestaci\u00f3n de servicios integrales de transporte terrestre. Atendemos ejecutivos, empresas, instituciones y p\u00fablico en general, ofreciendo soluciones \u00e1giles, coordinadas y adaptadas a las necesidades de cada cliente. [&hellip;]<\/p>\n","protected":false},"author":1,"featured_media":0,"parent":0,"menu_order":0,"comment_status":"closed","ping_status":"closed","template":"","meta":{"site-sidebar-layout":"no-sidebar","site-content-layout":"plain-container","ast-site-content-layout":"normal-width-container","site-content-style":"unboxed","site-sidebar-style":"unboxed","ast-global-header-display":"","ast-banner-title-visibility":"","ast-main-header-display":"","ast-hfb-above-header-display":"","ast-hfb-below-header-display":"","ast-hfb-mobile-header-display":"","site-post-title":"disabled","ast-breadcrumbs-content":"","ast-featured-img":"disabled","footer-sml-layout":"","ast-disable-related-posts":"","theme-transparent-header-meta":"disabled","adv-header-id-meta":"","stick-header-meta":"","header-above-stick-meta":"","header-main-stick-meta":"","header-below-stick-meta":"","astra-migrate-meta-layouts":"set","ast-page-background-enabled":"default","ast-page-background-meta":{"desktop":{"background-color":"var(--ast-global-color-4)","background-image":"","background-repeat":"repeat","background-position":"center center","background-size":"auto","background-attachment":"scroll","background-type":"","background-media":"","overlay-type":"","overlay-color":"","overlay-opacity":"","overlay-gradient":""},"tablet":{"background-color":"","background-image":"","background-repeat":"repeat","background-position":"center center","background-size":"auto","background-attachment":"scroll","background-type":"","background-media":"","overlay-type":"","overlay-color":"","overlay-opacity":"","overlay-gradient":""},"mobile":{"background-color":"","background-image":"","background-repeat":"repeat","background-position":"center center","background-size":"auto","background-attachment":"scroll","background-type":"","background-media":"","overlay-type":"","overlay-color":"","overlay-opacity":"","overlay-gradient":""}},"ast-content-background-meta":{"desktop":{"background-color":"var(--ast-global-color-5)","background-image":"","background-repeat":"repeat","background-position":"center center","background-size":"auto","background-attachment":"scroll","background-type":"","background-media":"","overlay-type":"","overlay-color":"","overlay-opacity":"","overlay-gradient":""},"tablet":{"background-color":"var(--ast-global-color-5)","background-image":"","background-repeat":"repeat","background-position":"center center","background-size":"auto","background-attachment":"scroll","background-type":"","background-media":"","overlay-type":"","overlay-color":"","overlay-opacity":"","overlay-gradient":""},"mobile":{"background-color":"var(--ast-global-color-5)","background-image":"","background-repeat":"repeat","background-position":"center center","background-size":"auto","background-attachment":"scroll","background-type":"","background-media":"","overlay-type":"","overlay-color":"","overlay-opacity":"","overlay-gradient":""}},"footnotes":""},"class_list":["post-540","page","type-page","status-publish","hentry"],"_links":{"self":[{"href":"https:\/\/www.grupohama.com\/hamatravel\/wp-json\/wp\/v2\/pages\/540","targetHints":{"allow":["GET"]}}],"collection":[{"href":"https:\/\/www.grupohama.com\/hamatravel\/wp-json\/wp\/v2\/pages"}],"about":[{"href":"https:\/\/www.grupohama.com\/hamatravel\/wp-json\/wp\/v2\/types\/page"}],"author":[{"embeddable":true,"href":"https:\/\/www.grupohama.com\/hamatravel\/wp-json\/wp\/v2\/users\/1"}],"replies":[{"embeddable":true,"href":"https:\/\/www.grupohama.com\/hamatravel\/wp-json\/wp\/v2\/comments?post=540"}],"version-history":[{"count":65,"href":"https:\/\/www.grupohama.com\/hamatravel\/wp-json\/wp\/v2\/pages\/540\/revisions"}],"predecessor-version":[{"id":1249,"href":"https:\/\/www.grupohama.com\/hamatravel\/wp-json\/wp\/v2\/pages\/540\/revisions\/1249"}],"wp:attachment":[{"href":"https:\/\/www.grupohama.com\/hamatravel\/wp-json\/wp\/v2\/media?parent=540"}],"curies":[{"name":"wp","href":"https:\/\/api.w.org\/{rel}","templated":true}]}}